{"id":12,"date":"2015-05-12T00:02:38","date_gmt":"2015-05-12T00:02:38","guid":{"rendered":"http:\/\/www.graficsuisse.cl\/?page_id=12"},"modified":"2015-09-06T15:51:50","modified_gmt":"2015-09-06T15:51:50","slug":"servicios","status":"publish","type":"page","link":"https:\/\/www.graficsuisse.cl\/?page_id=12","title":{"rendered":"Servicios"},"content":{"rendered":"[mk_page_section layout_structure=\u00bbfull\u00bb bg_image=\u00bbhttp:\/\/www.graficsuisse.cl\/wp-content\/uploads\/2015\/05\/print2.jpg\u00bb attachment=\u00bbscroll\u00bb bg_position=\u00bbleft top\u00bb bg_repeat=\u00bbrepeat\u00bb bg_stretch=\u00bbtrue\u00bb enable_3d=\u00bbfalse\u00bb speed_factor=\u00bb0.3&#8243; bg_video=\u00bbno\u00bb video_source=\u00bbself\u00bb stream_host_website=\u00bbyoutube\u00bb video_mask=\u00bbfalse\u00bb bg_gradient=\u00bbfalse\u00bb gr_end=\u00bb#1e73be\u00bb video_opacity=\u00bb0.6&#8243; top_shadow=\u00bbfalse\u00bb section_layout=\u00bbfull\u00bb sidebar=\u00bbsidebar-1&#8243; min_height=\u00bb360&#8243; full_width=\u00bbtrue\u00bb full_height=\u00bbfalse\u00bb intro_effect=\u00bbfalse\u00bb padding_top=\u00bb10&#8243; padding_bottom=\u00bb10&#8243; margin_bottom=\u00bb0&#8243; first_page=\u00bbfalse\u00bb last_page=\u00bbfalse\u00bb][vc_column width=\u00bb1\/6&#8243;][\/vc_column][vc_column width=\u00bb2\/3&#8243;][mk_fancy_title tag_name=\u00bbh2&#8243; style=\u00bbfalse\u00bb color=\u00bb#ffffff\u00bb size=\u00bb36&#8243; font_weight=\u00bbbold\u00bb font_style=\u00bbinhert\u00bb letter_spacing=\u00bb0&#8243; margin_top=\u00bb200&#8243; margin_bottom=\u00bb60&#8243; font_family=\u00bbArial, Helvetica, sans-serif\u00bb font_type=\u00bbsafefont\u00bb align=\u00bbleft\u00bb]\n<p style=\"padding-left: 60px;\">SERVICIOS<\/p>\n[\/mk_fancy_title][\/vc_column][vc_column width=\u00bb1\/6&#8243;][\/vc_column][\/mk_page_section][mk_page_section][vc_column width=\u00bb2\/3&#8243;][vc_column_text disable_pattern=\u00bbtrue\u00bb align=\u00bbleft\u00bb margin_bottom=\u00bb0&#8243;]\n<h4><span style=\"color: #bf0000;\">&#8211; Impresi\u00f3n Offset.<\/span><br \/>\n<span style=\"color: #bf0000;\"> &#8211; Impresi\u00f3n Digital.<\/span><br \/>\n<span style=\"color: #bf0000;\"> &#8211; Dise\u00f1o<\/span><br \/>\n<span style=\"color: #bf0000;\"> &#8211; Desarrollo de Proyectos Especiales.<\/span><\/h4>\n[\/vc_column_text][mk_padding_divider size=\u00bb40&#8243;][mk_image_slideshow images=\u00bb6616,6613,6611,6609,6607,6610&#8243; image_width=\u00bb770&#8243; image_height=\u00bb420&#8243; effect=\u00bbfade\u00bb animation_speed=\u00bb700&#8243; slideshow_speed=\u00bb7000&#8243; pause_on_hover=\u00bbfalse\u00bb smooth_height=\u00bbtrue\u00bb direction_nav=\u00bbtrue\u00bb][mk_padding_divider size=\u00bb40&#8243;][vc_column_text disable_pattern=\u00bbtrue\u00bb align=\u00bbleft\u00bb margin_bottom=\u00bb0&#8243;]Como \u201cempresa gr\u00e1fica integral\u201d, nos atrevemos a ir m\u00e1s all\u00e1 del servicio de impresi\u00f3n, avalados principalmente por nuestra experiencia en la creaci\u00f3n y desarrollo de diversos proyectos tanto en el \u00e1rea de Dise\u00f1o como en las \u00e1reas de impresi\u00f3n Offset y Digital.<\/p>\n<p>Empresas y Particulares nos conf\u00edan la creaci\u00f3n, desarrollo y producci\u00f3n de material publicitario porque sabemos respetar y valorar su imagen. Estos clientes est\u00e1n cautivos por el alto nivel de compromiso, calidad y puntualidad en la entrega de sus pedidos.<\/p>\n<p>Agencias de Publicidad, Agencias de comunicaciones, Publicistas y Dise\u00f1adores tambi\u00e9n nos conf\u00edan sus proyectos porque conocen el alto grado de compromiso que tenemos, cuando hacemos nuestros sus proyectos.<\/p>\n<p>Asesoramos previamente a nuestros clientes en la elecci\u00f3n id\u00f3nea de los distintos sustratos (papeles) disponibles, t\u00e9cnicas de impresi\u00f3n y diversas opciones en terminaciones y efectos especiales. Definidas las caracter\u00edsticas optimas para la realizaci\u00f3n de un trabajo, generamos de inmediato una cadena rigurosa de control en cada \u00e1rea asociada al proceso de producci\u00f3n de la pieza encargada, lo que se traduce finalmente en el producto esperado.[\/vc_column_text][\/vc_column][vc_column width=\u00bb1\/3&#8243;][vc_widget_sidebar sidebar_id=\u00bbsidebar-1&#8243;][\/vc_column][\/mk_page_section][mk_page_section layout_structure=\u00bbfull\u00bb attachment=\u00bbfixed\u00bb bg_position=\u00bbcenter center\u00bb bg_repeat=\u00bbrepeat\u00bb bg_stretch=\u00bbtrue\u00bb enable_3d=\u00bbfalse\u00bb speed_factor=\u00bb0.6&#8243; bg_video=\u00bbno\u00bb video_source=\u00bbself\u00bb stream_host_website=\u00bbyoutube\u00bb video_mask=\u00bbfalse\u00bb bg_gradient=\u00bbfalse\u00bb gr_end=\u00bb#1e73be\u00bb video_opacity=\u00bb0.6&#8243; top_shadow=\u00bbfalse\u00bb section_layout=\u00bbfull\u00bb sidebar=\u00bbsidebar-1&#8243; min_height=\u00bb240&#8243; full_width=\u00bbtrue\u00bb full_height=\u00bbfalse\u00bb intro_effect=\u00bbfalse\u00bb padding_top=\u00bb0&#8243; padding_bottom=\u00bb0&#8243; margin_bottom=\u00bb0&#8243; first_page=\u00bbfalse\u00bb last_page=\u00bbfalse\u00bb bg_image=\u00bbhttp:\/\/www.graficsuisse.cl\/wp-content\/uploads\/2015\/06\/reloj-Berna_op30.jpg\u00bb][vc_column width=\u00bb1\/4&#8243;][\/vc_column][vc_column width=\u00bb1\/2&#8243;][mk_padding_divider size=\u00bb80&#8243;][vc_column_text disable_pattern=\u00bbtrue\u00bb align=\u00bbcenter\u00bb margin_bottom=\u00bb0&#8243; animation=\u00bbfade-in\u00bb]\n<h4 style=\"text-align: center;\"><span style=\"color: #ffffff;\">Sin\u00f3nimo de Calidad, Precisi\u00f3n y Cumplimiento es Suiza.<\/span><\/h4>\n<h4 style=\"text-align: center;\"><span style=\"color: #ffffff;\">Grafic Suisse rescata y hace suyos los conceptos y valores \u00e9ticos de este pa\u00eds.<\/span><\/h4>\n[\/vc_column_text][\/vc_column][vc_column width=\u00bb1\/4&#8243;][\/vc_column][\/mk_page_section][mk_page_section layout_structure=\u00bbfull\u00bb attachment=\u00bbfixed\u00bb bg_position=\u00bbcenter top\u00bb bg_repeat=\u00bbrepeat\u00bb bg_stretch=\u00bbtrue\u00bb enable_3d=\u00bbfalse\u00bb speed_factor=\u00bb0.6&#8243; bg_video=\u00bbno\u00bb video_source=\u00bbself\u00bb stream_host_website=\u00bbyoutube\u00bb video_mask=\u00bbfalse\u00bb bg_gradient=\u00bbfalse\u00bb gr_end=\u00bb#1e73be\u00bb video_opacity=\u00bb0.6&#8243; top_shadow=\u00bbfalse\u00bb section_layout=\u00bbfull\u00bb sidebar=\u00bbsidebar-1&#8243; min_height=\u00bb240&#8243; full_width=\u00bbtrue\u00bb full_height=\u00bbfalse\u00bb intro_effect=\u00bbfalse\u00bb padding_top=\u00bb0&#8243; padding_bottom=\u00bb0&#8243; margin_bottom=\u00bb0&#8243; first_page=\u00bbfalse\u00bb last_page=\u00bbfalse\u00bb bg_image=\u00bbhttp:\/\/www.graficsuisse.cl\/wp-content\/uploads\/2015\/06\/stone700_op30.jpg\u00bb][vc_column width=\u00bb1\/4&#8243;][\/vc_column][vc_column width=\u00bb1\/2&#8243;][mk_padding_divider size=\u00bb40&#8243;][mk_image src=\u00bbhttp:\/\/www.graficsuisse.cl\/wp-content\/uploads\/2015\/05\/alianzaGS_stone2.png\u00bb image_width=\u00bb200&#8243; image_height=\u00bb350&#8243; crop=\u00bbfalse\u00bb svg=\u00bbfalse\u00bb lightbox=\u00bbfalse\u00bb frame_style=\u00bbsimple\u00bb target=\u00bb_self\u00bb caption_location=\u00bbinside-image\u00bb align=\u00bbcenter\u00bb margin_bottom=\u00bb10&#8243;][vc_column_text disable_pattern=\u00bbtrue\u00bb align=\u00bbcenter\u00bb margin_bottom=\u00bb0&#8243; animation=\u00bbfade-in\u00bb]\n<h4 style=\"text-align: center;\"><span style=\"color: #ffffff;\">En nuestra b\u00fasqueda en colaborar con el medio ambiente, hemos establecido una alianza con <strong>Stone Paper<\/strong>, papel mineral fabricado en base a carbonato de calcio y HDPE.<\/span><\/h4>\n[\/vc_column_text][\/vc_column][vc_column width=\u00bb1\/4&#8243;][\/vc_column][\/mk_page_section][mk_page_section layout_structure=\u00bbfull\u00bb attachment=\u00bbscroll\u00bb bg_position=\u00bbleft top\u00bb bg_repeat=\u00bbrepeat\u00bb bg_stretch=\u00bbtrue\u00bb enable_3d=\u00bbfalse\u00bb speed_factor=\u00bb0.3&#8243; bg_video=\u00bbno\u00bb video_source=\u00bbself\u00bb stream_host_website=\u00bbyoutube\u00bb video_mask=\u00bbfalse\u00bb bg_gradient=\u00bbfalse\u00bb gr_end=\u00bb#1e73be\u00bb video_opacity=\u00bb0.6&#8243; top_shadow=\u00bbfalse\u00bb section_layout=\u00bbfull\u00bb sidebar=\u00bbsidebar-1&#8243; min_height=\u00bb50&#8243; full_width=\u00bbfalse\u00bb full_height=\u00bbfalse\u00bb intro_effect=\u00bbfalse\u00bb padding_top=\u00bb20&#8243; padding_bottom=\u00bb10&#8243; margin_bottom=\u00bb0&#8243; first_page=\u00bbfalse\u00bb last_page=\u00bbfalse\u00bb bg_color=\u00bb#dddddd\u00bb][vc_column width=\u00bb1\/1&#8243;][mk_padding_divider size=\u00bb40&#8243;][vc_text_separator title=\u00bbCont\u00e1ctenos\u00bb title_align=\u00bbseparator_align_center\u00bb align=\u00bbalign_center\u00bb color=\u00bbcustom\u00bb accent_color=\u00bb#e60a0a\u00bb][\/vc_column][\/mk_page_section][mk_page_section layout_structure=\u00bbfull\u00bb bg_color=\u00bb#dddddd\u00bb attachment=\u00bbfixed\u00bb bg_position=\u00bbcenter center\u00bb bg_repeat=\u00bbno-repeat\u00bb bg_stretch=\u00bbfalse\u00bb enable_3d=\u00bbfalse\u00bb speed_factor=\u00bb0.3&#8243; bg_video=\u00bbno\u00bb video_source=\u00bbself\u00bb stream_host_website=\u00bbyoutube\u00bb video_mask=\u00bbfalse\u00bb bg_gradient=\u00bbfalse\u00bb gr_end=\u00bb#1e73be\u00bb video_opacity=\u00bb0.6&#8243; top_shadow=\u00bbfalse\u00bb section_layout=\u00bbfull\u00bb sidebar=\u00bbsidebar-1&#8243; min_height=\u00bb0&#8243; full_width=\u00bbfalse\u00bb full_height=\u00bbfalse\u00bb intro_effect=\u00bbfalse\u00bb padding_top=\u00bb20&#8243; padding_bottom=\u00bb20&#8243; margin_bottom=\u00bb0&#8243; first_page=\u00bbfalse\u00bb last_page=\u00bbfalse\u00bb][vc_column width=\u00bb1\/2&#8243; css=\u00bb.vc_custom_1433380998252{margin-top: 0px !important;margin-right: 0px !important;margin-bottom: 0px !important;margin-left: 0px !important;border-top-width: 0px !important;border-right-width: 0px !important;border-bottom-width: 0px !important;border-left-width: 0px !important;padding-top: 0px !important;padding-right: 0px !important;padding-bottom: 0px !important;padding-left: 0px !important;border-left-color: #ffffff !important;border-right-color: #ffffff !important;border-top-color: #ffffff !important;border-bottom-color: #ffffff !important;}\u00bb][vc_gmaps link=\u00bb#E-8_JTNDaWZyYW1lJTIwc3JjJTNEJTIyaHR0cHMlM0ElMkYlMkZ3d3cuZ29vZ2xlLmNvbSUyRm1hcHMlMkZlbWJlZCUzRnBiJTNEJTIxMW0xNCUyMTFtOCUyMTFtMyUyMTFkNjY1Ny4yNjgyODcxMjYwNzglMjEyZC03MC42MjU4NzQzNzMxODQxNiUyMTNkLTMzLjQ1ODgzNzA2Mjc5OTk3JTIxM20yJTIxMWkxMDI0JTIxMmk3NjglMjE0ZjEzLjElMjEzbTMlMjExbTIlMjExczB4OTY2MmM1NjNkYzE2Y2JhNSUyNTNBMHg5OWE4NzcyNzFhMzdkMzY0JTIxMnpVMlZ0YVc1aGNtbHZJREV6T1RNc0lNT1JkY094YjJFc0lGSk5MQ0JEYUdsc1pRJTIxNWUwJTIxM20yJTIxMXNlcyUyMTJzY2wlMjE0djE0MzE1Njg1NTE2MzQlMjIlMjB3aWR0aCUzRCUyMjYwMCUyMiUyMGhlaWdodCUzRCUyMjQ1MCUyMiUyMGZyYW1lYm9yZGVyJTNEJTIyMCUyMiUyMHN0eWxlJTNEJTIyYm9yZGVyJTNBMCUyMiUzRSUzQyUyRmlmcmFtZSUzRQ==\u00bb size=\u00bb280&#8243;][\/vc_column][vc_column width=\u00bb1\/2&#8243; css=\u00bb.vc_custom_1433381188265{padding-left: 30px !important;}\u00bb][mk_image_slideshow images=\u00bb6625,6618,7107&#8243; image_width=\u00bb530&#8243; image_height=\u00bb310&#8243; effect=\u00bbfade\u00bb animation_speed=\u00bb700&#8243; slideshow_speed=\u00bb7000&#8243; pause_on_hover=\u00bbfalse\u00bb smooth_height=\u00bbtrue\u00bb direction_nav=\u00bbtrue\u00bb][\/vc_column][\/mk_page_section]\n","protected":false},"excerpt":{"rendered":"<p>[mk_page_section layout_structure=\u00bbfull\u00bb bg_image=\u00bbhttp:\/\/www.graficsuisse.cl\/wp-content\/uploads\/2015\/05\/print2.jpg\u00bb attachment=\u00bbscroll\u00bb bg_position=\u00bbleft top\u00bb bg_repeat=\u00bbrepeat\u00bb bg_stretch=\u00bbtrue\u00bb enable_3d=\u00bbfalse\u00bb speed_factor=\u00bb0.3&#8243; bg_video=\u00bbno\u00bb video_source=\u00bbself\u00bb stream_host_website=\u00bbyoutube\u00bb video_mask=\u00bbfalse\u00bb bg_gradient=\u00bbfalse\u00bb gr_end=\u00bb#1e73be\u00bb video_opacity=\u00bb0.6&#8243; top_shadow=\u00bbfalse\u00bb section_layout=\u00bbfull\u00bb sidebar=\u00bbsidebar-1&#8243; min_height=\u00bb360&#8243; full_width=\u00bbtrue\u00bb full_height=\u00bbfalse\u00bb intro_effect=\u00bbfalse\u00bb padding_top=\u00bb10&#8243; padding_bottom=\u00bb10&#8243; margin_bottom=\u00bb0&#8243; first_page=\u00bbfalse\u00bb last_page=\u00bbfalse\u00bb][vc_column width=\u00bb1\/6&#8243;][\/vc_column][vc_column width=\u00bb2\/3&#8243;][mk_fancy_title tag_name=\u00bbh2&#8243; style=\u00bbfalse\u00bb color=\u00bb#ffffff\u00bb size=\u00bb36&#8243; font_weight=\u00bbbold\u00bb font_style=\u00bbinhert\u00bb letter_spacing=\u00bb0&#8243; margin_top=\u00bb200&#8243; margin_bottom=\u00bb60&#8243; font_family=\u00bbArial, Helvetica, sans-serif\u00bb font_type=\u00bbsafefont\u00bb align=\u00bbleft\u00bb] SERVICIOS [\/mk_fancy_title][\/vc_column][vc_column width=\u00bb1\/6&#8243;][\/vc_column][\/mk_page_section][mk_page_section][vc_column width=\u00bb2\/3&#8243;][vc_column_text disable_pattern=\u00bbtrue\u00bb align=\u00bbleft\u00bb margin_bottom=\u00bb0&#8243;] &#8211; Impresi\u00f3n Offset. [&hellip;]<\/p>\n","protected":false},"author":1,"featured_media":0,"parent":0,"menu_order":0,"comment_status":"open","ping_status":"open","template":"","meta":{"footnotes":""},"class_list":["post-12","page","type-page","status-publish","hentry"],"_links":{"self":[{"href":"https:\/\/www.graficsuisse.cl\/index.php?rest_route=\/wp\/v2\/pages\/12","targetHints":{"allow":["GET"]}}],"collection":[{"href":"https:\/\/www.graficsuisse.cl\/index.php?rest_route=\/wp\/v2\/pages"}],"about":[{"href":"https:\/\/www.graficsuisse.cl\/index.php?rest_route=\/wp\/v2\/types\/page"}],"author":[{"embeddable":true,"href":"https:\/\/www.graficsuisse.cl\/index.php?rest_route=\/wp\/v2\/users\/1"}],"replies":[{"embeddable":true,"href":"https:\/\/www.graficsuisse.cl\/index.php?rest_route=%2Fwp%2Fv2%2Fcomments&post=12"}],"version-history":[{"count":15,"href":"https:\/\/www.graficsuisse.cl\/index.php?rest_route=\/wp\/v2\/pages\/12\/revisions"}],"predecessor-version":[{"id":7113,"href":"https:\/\/www.graficsuisse.cl\/index.php?rest_route=\/wp\/v2\/pages\/12\/revisions\/7113"}],"wp:attachment":[{"href":"https:\/\/www.graficsuisse.cl\/index.php?rest_route=%2Fwp%2Fv2%2Fmedia&parent=12"}],"curies":[{"name":"wp","href":"https:\/\/api.w.org\/{rel}","templated":true}]}}